{"id":1479,"date":"2020-11-19T11:04:44","date_gmt":"2020-11-19T10:04:44","guid":{"rendered":"http:\/\/atlas-parazitov.uvlf.sk\/?page_id=1479"},"modified":"2020-12-03T07:51:25","modified_gmt":"2020-12-03T06:51:25","slug":"pouzita-literatura","status":"publish","type":"page","link":"https:\/\/atlas-parazitov.uvlf.sk\/?page_id=1479","title":{"rendered":"Pou\u017eit\u00e1 literat\u00fara"},"content":{"rendered":"<p>Deplazes P. a kol.:&nbsp;<em>Parasitology in Veterinary Medicine<\/em>. The Netherlands: Wageningen Academic Publisher, 2016. 653 s. ISBN 978-90-8686-274-0<\/p>\n<p>Foreyt W. J.: <em>Veterinary parasitology reference manual<\/em>. 5. vydanie, Iowa State University Press, 2001, 235 s. ISBN 0-8138-2419-2<\/p>\n<p>Ko\u010di\u0161ov\u00e1 A. a&nbsp;kol.: <em>Vetrin\u00e1rna arachnoentomol\u00f3gia<\/em>. Univerzita veterin\u00e1rskeho lek\u00e1rstva a&nbsp;farm\u00e1cie v&nbsp;Ko\u0161iciach, 2017, 180 s. ISBN 978-80-8077-563-6<\/p>\n<p>Letkov\u00e1 V., \u010cisl\u00e1kov\u00e1 L<strong><em>.<\/em><\/strong> a&nbsp;kol.:<em>&nbsp;Laborat\u00f3rne diagnostick\u00e9 met\u00f3dy vo veterin\u00e1rskej parazitol\u00f3gii<\/em>. Univerzita veterin\u00e1rskeho lek\u00e1rstva a&nbsp;farm\u00e1cie v&nbsp;Ko\u0161iciach, 2010, 110 s. ISBN 978-80-8077-221-5<\/p>\n<p>Letkov\u00e1 V., Goldov\u00e1 M., Ko\u010di\u0161ov\u00e1 A.: &nbsp;<em>Z\u00e1klady protozool\u00f3gie<\/em>. Univerzita veterin\u00e1rskeho lek\u00e1rstva a&nbsp;farm\u00e1cie v&nbsp;Ko\u0161iciach, 2010, 103 s. ISBN 978-80-8077-219-2<\/p>\n<p>Letkov\u00e1 V., Ko\u010di\u0161ov\u00e1 A., Goldov\u00e1 M.:&nbsp; <em>Z\u00e1klady helmintol\u00f3gie<\/em>. Univerzita veterin\u00e1rskeho lek\u00e1rstva a&nbsp;farm\u00e1cie v&nbsp;Ko\u0161iciach, 2010, 162 s. ISBN 978-80-8077-220-8<\/p>\n<p>Taylor M. A., Coop R. L., Wall R. L.:&nbsp;<em>Veterinary Parasitology<\/em>. 3. vydanie, UK: Edition Wiley-Blackwell, 2007. 874 s. ISBN 978-1-4051-1964-1<\/p>\n<p>&nbsp;<\/p>\n<p><strong>ZOZNAM SKRATIEK<\/strong><\/p>\n<p>DH \u2013 definit\u00edvny hostite\u013e<\/p>\n<p>MH \u2013 medzihostite\u013e<\/p>\n<p>PH \u2013 paratenick\u00fd hostite\u013e<\/p>\n<p>VC \u2013 v\u00fdvinov\u00fd cyklus<\/p>\n<p>sp.\/spp. \u2013 druh\/druhy<\/p>\n","protected":false},"excerpt":{"rendered":"<p>Deplazes P. a kol.:&nbsp;Parasitology in Veterinary Medicine. The Netherlands: Wageningen Academic Publisher, 2016. 653 s. ISBN 978-90-8686-274-0 Foreyt W. J.: Veterinary parasitology reference manual. 5. vydanie, Iowa State University Press, 2001, 235 s. ISBN 0-8138-2419-2 Ko\u010di\u0161ov\u00e1 A. a&nbsp;kol.: Vetrin\u00e1rna arachnoentomol\u00f3gia. Univerzita veterin\u00e1rskeho lek\u00e1rstva a&nbsp;farm\u00e1cie v&nbsp;Ko\u0161iciach, 2017, 180 s. ISBN 978-80-8077-563-6 Letkov\u00e1 V., \u010cisl\u00e1kov\u00e1 L. a&nbsp;kol.:&nbsp;Laborat\u00f3rne&#8230;<\/p>\n","protected":false},"author":1,"featured_media":0,"parent":0,"menu_order":0,"comment_status":"closed","ping_status":"closed","template":"","meta":{"ngg_post_thumbnail":0},"_links":{"self":[{"href":"https:\/\/atlas-parazitov.uvlf.sk\/index.php?rest_route=\/wp\/v2\/pages\/1479"}],"collection":[{"href":"https:\/\/atlas-parazitov.uvlf.sk\/index.php?rest_route=\/wp\/v2\/pages"}],"about":[{"href":"https:\/\/atlas-parazitov.uvlf.sk\/index.php?rest_route=\/wp\/v2\/types\/page"}],"author":[{"embeddable":true,"href":"https:\/\/atlas-parazitov.uvlf.sk\/index.php?rest_route=\/wp\/v2\/users\/1"}],"replies":[{"embeddable":true,"href":"https:\/\/atlas-parazitov.uvlf.sk\/index.php?rest_route=%2Fwp%2Fv2%2Fcomments&post=1479"}],"version-history":[{"count":6,"href":"https:\/\/atlas-parazitov.uvlf.sk\/index.php?rest_route=\/wp\/v2\/pages\/1479\/revisions"}],"predecessor-version":[{"id":1590,"href":"https:\/\/atlas-parazitov.uvlf.sk\/index.php?rest_route=\/wp\/v2\/pages\/1479\/revisions\/1590"}],"wp:attachment":[{"href":"https:\/\/atlas-parazitov.uvlf.sk\/index.php?rest_route=%2Fwp%2Fv2%2Fmedia&parent=1479"}],"curies":[{"name":"wp","href":"https:\/\/api.w.org\/{rel}","templated":true}]}}