{"id":198,"date":"2020-06-25T09:59:23","date_gmt":"2020-06-25T07:59:23","guid":{"rendered":"http:\/\/atlas-parazitov.uvlf.sk\/?page_id=198"},"modified":"2020-11-19T13:02:07","modified_gmt":"2020-11-19T12:02:07","slug":"kolektiv-autorov","status":"publish","type":"page","link":"https:\/\/atlas-parazitov.uvlf.sk\/?page_id=198","title":{"rendered":"Kolekt\u00edv autorov"},"content":{"rendered":"<p><strong>Editor:<\/strong><br \/>\nMVDr. Milo\u0161 Hal\u00e1n, PhD.<\/p>\n<p><strong>Autori:<\/strong><\/p>\n<p>MVDr. Milo\u0161 Hal\u00e1n, PhD.<\/p>\n<p>prof. MVDr. Alica Ko\u010di\u0161ov\u00e1, PhD.<\/p>\n<p>MVDr. Gabriela \u0160trkolcov\u00e1, PhD.<\/p>\n<p>RNDr. Andrea Schreiberov\u00e1, PhD.<\/p>\n<p>MVDr. Karol Ra\u010dka<\/p>\n<p><strong>Recenzenti:<\/strong><\/p>\n<p>prof. MVDr. Alexandra Trbolov\u00e1, PhD.<\/p>\n<p>doc. RNDr. Michal Stanko, DrSc.<\/p>\n<p><strong>Grafick\u00fd dizajn:<\/strong><\/p>\n<p>Ing. R\u00f3bert Schr\u00e9ter, PhD.<\/p>\n","protected":false},"excerpt":{"rendered":"<p>Editor: MVDr. Milo\u0161 Hal\u00e1n, PhD. Autori: MVDr. Milo\u0161 Hal\u00e1n, PhD. prof. MVDr. Alica Ko\u010di\u0161ov\u00e1, PhD. MVDr. Gabriela \u0160trkolcov\u00e1, PhD. RNDr. Andrea Schreiberov\u00e1, PhD. MVDr. Karol Ra\u010dka Recenzenti: prof. MVDr. Alexandra Trbolov\u00e1, PhD. doc. RNDr. Michal Stanko, DrSc. Grafick\u00fd dizajn: Ing. R\u00f3bert Schr\u00e9ter, PhD.<\/p>\n","protected":false},"author":1,"featured_media":0,"parent":0,"menu_order":0,"comment_status":"closed","ping_status":"closed","template":"","meta":{"ngg_post_thumbnail":0},"_links":{"self":[{"href":"https:\/\/atlas-parazitov.uvlf.sk\/index.php?rest_route=\/wp\/v2\/pages\/198"}],"collection":[{"href":"https:\/\/atlas-parazitov.uvlf.sk\/index.php?rest_route=\/wp\/v2\/pages"}],"about":[{"href":"https:\/\/atlas-parazitov.uvlf.sk\/index.php?rest_route=\/wp\/v2\/types\/page"}],"author":[{"embeddable":true,"href":"https:\/\/atlas-parazitov.uvlf.sk\/index.php?rest_route=\/wp\/v2\/users\/1"}],"replies":[{"embeddable":true,"href":"https:\/\/atlas-parazitov.uvlf.sk\/index.php?rest_route=%2Fwp%2Fv2%2Fcomments&post=198"}],"version-history":[{"count":9,"href":"https:\/\/atlas-parazitov.uvlf.sk\/index.php?rest_route=\/wp\/v2\/pages\/198\/revisions"}],"predecessor-version":[{"id":1488,"href":"https:\/\/atlas-parazitov.uvlf.sk\/index.php?rest_route=\/wp\/v2\/pages\/198\/revisions\/1488"}],"wp:attachment":[{"href":"https:\/\/atlas-parazitov.uvlf.sk\/index.php?rest_route=%2Fwp%2Fv2%2Fmedia&parent=198"}],"curies":[{"name":"wp","href":"https:\/\/api.w.org\/{rel}","templated":true}]}}