{"id":41,"date":"2020-03-30T10:02:46","date_gmt":"2020-03-30T08:02:46","guid":{"rendered":"http:\/\/atlas-parazitov.uvlf.sk\/?page_id=41"},"modified":"2020-11-19T13:06:23","modified_gmt":"2020-11-19T12:06:23","slug":"altas-parazitov","status":"publish","type":"page","link":"https:\/\/atlas-parazitov.uvlf.sk\/","title":{"rendered":"Altas parazitov"},"content":{"rendered":"<p style=\"text-align: center;\"><img loading=\"lazy\" class=\"alignnone wp-image-152\" src=\"https:\/\/atlas-parazitov.uvlf.sk\/wp-content\/uploads\/2020\/04\/title-300x82.jpg\" alt=\"\" width=\"538\" height=\"148\" srcset=\"https:\/\/atlas-parazitov.uvlf.sk\/wp-content\/uploads\/2020\/04\/title-300x82.jpg 300w, https:\/\/atlas-parazitov.uvlf.sk\/wp-content\/uploads\/2020\/04\/title.jpg 700w\" sizes=\"(max-width: 538px) 100vw, 538px\" \/><\/p>\n<p style=\"text-align: center;\"><strong>ATLAS PARAZITOV&nbsp;<\/strong><\/p>\n<p style=\"text-align: center;\">Milo\u0161 Hal\u00e1n a kolekt\u00edv<\/p>\n<p style=\"text-align: center;\"><a href=\"http:\/\/www.uvlf.sk\" target=\"_blank\" rel=\"noopener\">Univerzita veterin\u00e1rskeho lek\u00e1rstva a farm\u00e1cie v Ko\u0161iciach<\/a><\/p>\n<p><img loading=\"lazy\" class=\"wp-image-43 aligncenter\" src=\"https:\/\/atlas-parazitov.uvlf.sk\/wp-content\/uploads\/2020\/03\/logo_UVLF_transparent_male.png\" alt=\"\" width=\"75\" height=\"75\" srcset=\"https:\/\/atlas-parazitov.uvlf.sk\/wp-content\/uploads\/2020\/03\/logo_UVLF_transparent_male.png 250w, https:\/\/atlas-parazitov.uvlf.sk\/wp-content\/uploads\/2020\/03\/logo_UVLF_transparent_male-150x150.png 150w\" sizes=\"(max-width: 75px) 100vw, 75px\" \/><\/p>\n<p style=\"text-align: center;\"><b>2020<\/b><\/p>\n<p style=\"text-align: center;\">ISBN 978\u201380\u20138077\u2013686\u20132<\/p>\n","protected":false},"excerpt":{"rendered":"<p>ATLAS PARAZITOV&nbsp; Milo\u0161 Hal\u00e1n a kolekt\u00edv Univerzita veterin\u00e1rskeho lek\u00e1rstva a farm\u00e1cie v Ko\u0161iciach 2020 ISBN 978\u201380\u20138077\u2013686\u20132<\/p>\n","protected":false},"author":1,"featured_media":0,"parent":0,"menu_order":0,"comment_status":"closed","ping_status":"closed","template":"","meta":{"ngg_post_thumbnail":0},"_links":{"self":[{"href":"https:\/\/atlas-parazitov.uvlf.sk\/index.php?rest_route=\/wp\/v2\/pages\/41"}],"collection":[{"href":"https:\/\/atlas-parazitov.uvlf.sk\/index.php?rest_route=\/wp\/v2\/pages"}],"about":[{"href":"https:\/\/atlas-parazitov.uvlf.sk\/index.php?rest_route=\/wp\/v2\/types\/page"}],"author":[{"embeddable":true,"href":"https:\/\/atlas-parazitov.uvlf.sk\/index.php?rest_route=\/wp\/v2\/users\/1"}],"replies":[{"embeddable":true,"href":"https:\/\/atlas-parazitov.uvlf.sk\/index.php?rest_route=%2Fwp%2Fv2%2Fcomments&post=41"}],"version-history":[{"count":29,"href":"https:\/\/atlas-parazitov.uvlf.sk\/index.php?rest_route=\/wp\/v2\/pages\/41\/revisions"}],"predecessor-version":[{"id":1490,"href":"https:\/\/atlas-parazitov.uvlf.sk\/index.php?rest_route=\/wp\/v2\/pages\/41\/revisions\/1490"}],"wp:attachment":[{"href":"https:\/\/atlas-parazitov.uvlf.sk\/index.php?rest_route=%2Fwp%2Fv2%2Fmedia&parent=41"}],"curies":[{"name":"wp","href":"https:\/\/api.w.org\/{rel}","templated":true}]}}